{"id":670,"date":"2017-03-06T14:19:56","date_gmt":"2017-03-06T13:19:56","guid":{"rendered":"http:\/\/archeriegossart.fr\/?post_type=product&#038;p=670"},"modified":"2024-12-28T18:04:16","modified_gmt":"2024-12-28T17:04:16","slug":"arc-rolan-club","status":"publish","type":"product","link":"https:\/\/archeriegossart.fr\/index.php\/produit\/arc-rolan-club\/","title":{"rendered":"Arc Rolan POIGN\u00c9E DROITE OU GAUCHE 25&Prime;"},"content":{"rendered":"<p><strong>Arc Rolan Club, con\u00e7u pour apprendre et progresser rapidement, il est le meilleur arc de loisir jamais con\u00e7u !<br \/>\n<\/strong> Fabriqu\u00e9 \u00e0 partir de mat\u00e9riaux composites inject\u00e9s, il allie souplesse, vitesse, stabilit\u00e9 et pr\u00e9cision fl\u00e8ches apr\u00e8s fl\u00e8ches.<\/p>\n<p>Fabriqu\u00e9 en France<\/p>\n<p><strong><br \/>\nCaract\u00e9ristiques :<\/strong><br \/>\n\u2022 62\u2019\u2019de 12 \u00e0 24# (Poign\u00e9e 23\u2019\u2019 et branches 62\u2019\u2019)<br \/>\n\u2022 64\u2019\u2019de 12 \u00e0 24# (Poign\u00e9e 23\u2019\u2019 et branches 66\u2019\u2019)<br \/>\n\u2022 66\u2019\u2019de 14 \u00e0 26# (Poign\u00e9e 25\u2019\u2019)<br \/>\n\u2022 68\u2019\u2019de 16 \u00e0 30# (Poign\u00e9e 25\u2019\u2019)<br \/>\n\u2022 70\u2019\u2019de 18 \u00e0 32# (Poign\u00e9e 25\u2019\u2019)<\/p>\n<p>&nbsp;<\/p>\n<table>\n<tbody>\n<tr>\n<td valign=\"top\"><strong>Bands conseill\u00e9s\u00a0:<br \/>\n<\/strong>\u2022 62\u2019\u2019 : 20.5\/21.5 cm<br \/>\n\u2022 64\u201d: 21.5\/22 cm<br \/>\n\u2022 66\u2019\u2019: 21.5\/22 cm<br \/>\n\u2022 68\u2019\u2019: 22.5\/23.5 cm<br \/>\n\u2022 70\u201d: 23.5\/24.5 cm<\/td>\n<td valign=\"top\"><img decoding=\"async\" loading=\"lazy\" src=\"http:\/\/www.arc-rolan.fr\/images\/divers\/mesure-band.jpg\" alt=\"\" width=\"105\" height=\"147\" \/><\/td>\n<\/tr>\n<\/tbody>\n<\/table>\n<p><strong><br \/>\nPoign\u00e9es disponible dans 6 couleurs pour droitier et gaucher.<\/strong><\/p>\n","protected":false},"excerpt":{"rendered":"<p>Arc Rolan Club, con\u00e7u pour apprendre et progresser rapidement, il est le meilleur arc de loisir jamais con\u00e7u ! Fabriqu\u00e9 \u00e0 partir de mat\u00e9riaux composites inject\u00e9s, il allie souplesse, vitesse, stabilit\u00e9 et pr\u00e9cision fl\u00e8ches apr\u00e8s fl\u00e8ches. Fabriqu\u00e9 en France Caract\u00e9ristiques : \u2022 62\u2019\u2019de 12 \u00e0 24# (Poign\u00e9e 23\u2019\u2019 et branches 62\u2019\u2019) \u2022 64\u2019\u2019de 12 \u00e0 [&hellip;]<\/p>\n","protected":false},"featured_media":4706,"template":"","meta":[],"product_cat":[81],"product_tag":[],"_links":{"self":[{"href":"https:\/\/archeriegossart.fr\/index.php\/wp-json\/wp\/v3\/product\/670"}],"collection":[{"href":"https:\/\/archeriegossart.fr\/index.php\/wp-json\/wp\/v3\/product"}],"about":[{"href":"https:\/\/archeriegossart.fr\/index.php\/wp-json\/wp\/v2\/types\/product"}],"wp:featuredmedia":[{"embeddable":true,"href":"https:\/\/archeriegossart.fr\/index.php\/wp-json\/wp\/v2\/media\/4706"}],"wp:attachment":[{"href":"https:\/\/archeriegossart.fr\/index.php\/wp-json\/wp\/v2\/media?parent=670"}],"wp:term":[{"taxonomy":"product_cat","embeddable":true,"href":"https:\/\/archeriegossart.fr\/index.php\/wp-json\/wp\/v2\/product_cat?post=670"},{"taxonomy":"product_tag","embeddable":true,"href":"https:\/\/archeriegossart.fr\/index.php\/wp-json\/wp\/v2\/product_tag?post=670"}],"curies":[{"name":"wp","href":"https:\/\/api.w.org\/{rel}","templated":true}]}}