{"id":6818,"date":"2021-10-22T18:25:29","date_gmt":"2021-10-22T16:25:29","guid":{"rendered":"https:\/\/archeriegossart.fr\/?post_type=product&#038;p=6818"},"modified":"2025-12-04T14:26:32","modified_gmt":"2025-12-04T13:26:32","slug":"arc-compound-bowtech-solution-deadlock-cam-rot-25-30-od-green","status":"publish","type":"product","link":"https:\/\/archeriegossart.fr\/index.php\/produit\/arc-compound-bowtech-solution-deadlock-cam-rot-25-30-od-green\/","title":{"rendered":"ARC COMPOUND BOWTECH SOLUTION DEADLOCK CAM ROT.25-30 \u00a0\u00bb OD GREEN"},"content":{"rendered":"<div class=\"column\">\n<div class=\"tab-control components-tab ui-tabs ui-corner-all ui-widget ui-widget-content\">\n<div id=\"description\" class=\"ui-tabs-panel ui-corner-bottom ui-widget-content\" role=\"tabpanel\" aria-labelledby=\"ui-id-2\" aria-hidden=\"false\">\n<div class=\"description fr-view\">La vitesse d&rsquo;\u00e9crasement des os avec un tirage soyeux est la r\u00e9ponse au probl\u00e8me de chaque chasseur \u00e0 l&rsquo;arc.\u00a0Nous l&rsquo;appelons la solution.\u00a0Une vitesse de 346 FPS ne devrait pas \u00eatre synonyme de confort.\u00a0Bowtech a strat\u00e9giquement con\u00e7u la came DeadLock\u00ae sur la solution pour produire une vitesse de gamme fulgurante associ\u00e9e \u00e0 un tirage sans faille.\u00a0Construit avec un essieu \u00e0 essieu de 32 pouces maniable et compl\u00e9t\u00e9 par la pr\u00e9cision de pr\u00e9cision de DeadLock, la r\u00e9ponse est la solution.\u00a0&#8211; De l&rsquo;essieu \u00e0 l&rsquo;essieu: 32 \u00ab\u00a0&#8211; Poids de l&rsquo;arc: 4,6 lb &#8211; Longueur de tirage: 25-30\u00a0\u00bb &#8211; Poids de tirage: 50, 60, 70 lb &#8211; Hauteur du renfort: 6 \u00ab\u00a0&#8211; Vitesse IBO: 346 ips<\/div>\n<\/div>\n<\/div>\n<\/div>\n","protected":false},"excerpt":{"rendered":"<p>La vitesse d&rsquo;\u00e9crasement des os avec un tirage soyeux est la r\u00e9ponse au probl\u00e8me de chaque chasseur \u00e0 l&rsquo;arc.\u00a0Nous l&rsquo;appelons la solution.\u00a0Une vitesse de 346 FPS ne devrait pas \u00eatre synonyme de confort.\u00a0Bowtech a strat\u00e9giquement con\u00e7u la came DeadLock\u00ae sur la solution pour produire une vitesse de gamme fulgurante associ\u00e9e \u00e0 un tirage sans faille.\u00a0Construit [&hellip;]<\/p>\n","protected":false},"featured_media":6823,"template":"","meta":[],"product_cat":[40],"product_tag":[],"_links":{"self":[{"href":"https:\/\/archeriegossart.fr\/index.php\/wp-json\/wp\/v3\/product\/6818"}],"collection":[{"href":"https:\/\/archeriegossart.fr\/index.php\/wp-json\/wp\/v3\/product"}],"about":[{"href":"https:\/\/archeriegossart.fr\/index.php\/wp-json\/wp\/v2\/types\/product"}],"wp:featuredmedia":[{"embeddable":true,"href":"https:\/\/archeriegossart.fr\/index.php\/wp-json\/wp\/v2\/media\/6823"}],"wp:attachment":[{"href":"https:\/\/archeriegossart.fr\/index.php\/wp-json\/wp\/v2\/media?parent=6818"}],"wp:term":[{"taxonomy":"product_cat","embeddable":true,"href":"https:\/\/archeriegossart.fr\/index.php\/wp-json\/wp\/v2\/product_cat?post=6818"},{"taxonomy":"product_tag","embeddable":true,"href":"https:\/\/archeriegossart.fr\/index.php\/wp-json\/wp\/v2\/product_tag?post=6818"}],"curies":[{"name":"wp","href":"https:\/\/api.w.org\/{rel}","templated":true}]}}