{"id":7014,"date":"2022-03-09T18:32:25","date_gmt":"2022-03-09T17:32:25","guid":{"rendered":"https:\/\/archeriegossart.fr\/?post_type=product&#038;p=7014"},"modified":"2022-03-09T18:33:17","modified_gmt":"2022-03-09T17:33:17","slug":"poignees-kinetic-forged-valenz-with-wooden-grip-25-rh-bleu","status":"publish","type":"product","link":"https:\/\/archeriegossart.fr\/index.php\/produit\/poignees-kinetic-forged-valenz-with-wooden-grip-25-rh-bleu\/","title":{"rendered":"POIGNEES KINETIC FORGED VALENZ WITH WOODEN GRIP 25&Prime; RH BLEU"},"content":{"rendered":"<p>Poign\u00e9e KINETIC VALENZ :<\/p>\n<ul>\n<li>Poign\u00e9e KINETIC VALENZ<\/li>\n<li>Mat\u00e9riau : Aluminium 6061<\/li>\n<li>Poign\u00e9e forg\u00e9e, livr\u00e9e avec un grip bois, tr\u00e8s l\u00e9g\u00e8re<\/li>\n<li>Disponible en version :<img decoding=\"async\" loading=\"lazy\" src=\"https:\/\/www.heraclesarcherie.fr\/img\/cms\/marques\/KINETIC.png\" alt=\"HERACLES ARCHERIE EN LIGNE FRANCE BORDEAUX GIRONDE LANDES MATERIELS TIR A L'ARC POIGNEE KINETIC VALENZ FORGEE\" width=\"200\" height=\"65\" \/>\n<ul>\n<li>Droitier et Gaucher<\/li>\n<\/ul>\n<\/li>\n<li>Disponible en taille :\n<ul>\n<li>25&Prime;<\/li>\n<\/ul>\n<\/li>\n<li>Disponible en 8 couleurs anodis\u00e9es : visuels de gauche \u00e0 droite\n<ul>\n<li>Titanium Grey, Bleu, Rouge, Black, Vert, Orange<\/li>\n<li>Purple, Turquoise<\/li>\n<\/ul>\n<\/li>\n<li>Poids : 1220 grammes<\/li>\n<li>Syst\u00e8me de fixation : ILF, avec syst\u00e8me d&rsquo;alignement ds branches<\/li>\n<\/ul>\n","protected":false},"excerpt":{"rendered":"<p>Poign\u00e9e KINETIC VALENZ : Poign\u00e9e KINETIC VALENZ Mat\u00e9riau : Aluminium 6061 Poign\u00e9e forg\u00e9e, livr\u00e9e avec un grip bois, tr\u00e8s l\u00e9g\u00e8re Disponible en version : Droitier et Gaucher Disponible en taille : 25&Prime; Disponible en 8 couleurs anodis\u00e9es : visuels de gauche \u00e0 droite Titanium Grey, Bleu, Rouge, Black, Vert, Orange Purple, Turquoise Poids : 1220 [&hellip;]<\/p>\n","protected":false},"featured_media":7013,"template":"","meta":[],"product_cat":[518,534],"product_tag":[],"_links":{"self":[{"href":"https:\/\/archeriegossart.fr\/index.php\/wp-json\/wp\/v3\/product\/7014"}],"collection":[{"href":"https:\/\/archeriegossart.fr\/index.php\/wp-json\/wp\/v3\/product"}],"about":[{"href":"https:\/\/archeriegossart.fr\/index.php\/wp-json\/wp\/v2\/types\/product"}],"wp:featuredmedia":[{"embeddable":true,"href":"https:\/\/archeriegossart.fr\/index.php\/wp-json\/wp\/v2\/media\/7013"}],"wp:attachment":[{"href":"https:\/\/archeriegossart.fr\/index.php\/wp-json\/wp\/v2\/media?parent=7014"}],"wp:term":[{"taxonomy":"product_cat","embeddable":true,"href":"https:\/\/archeriegossart.fr\/index.php\/wp-json\/wp\/v2\/product_cat?post=7014"},{"taxonomy":"product_tag","embeddable":true,"href":"https:\/\/archeriegossart.fr\/index.php\/wp-json\/wp\/v2\/product_tag?post=7014"}],"curies":[{"name":"wp","href":"https:\/\/api.w.org\/{rel}","templated":true}]}}