{"id":7032,"date":"2022-03-09T18:44:45","date_gmt":"2022-03-09T17:44:45","guid":{"rendered":"https:\/\/archeriegossart.fr\/?post_type=product&#038;p=7032"},"modified":"2022-03-09T18:53:28","modified_gmt":"2022-03-09T17:53:28","slug":"poignees-core-astral-25-rh-matt-black","status":"publish","type":"product","link":"https:\/\/archeriegossart.fr\/index.php\/produit\/poignees-core-astral-25-rh-matt-black\/","title":{"rendered":"POIGNEES CORE ASTRAL 25&Prime; RH MATT BLACK"},"content":{"rendered":"<p>Poigne CORE ASTRAL :<\/p>\n<ul>\n<li>Poign\u00e9e CORE ASTRAL<img decoding=\"async\" loading=\"lazy\" src=\"https:\/\/www.heraclesarcherie.fr\/img\/cms\/marques\/core.png\" alt=\"CORE POIGNEE ASTRAL HERACLES ARCHERIE LA BREDE MENETROL\" width=\"186\" height=\"77\" \/><\/li>\n<li>Fixation type ILF classique.<\/li>\n<li>R\u00e9glage lat\u00e9ral des branches<\/li>\n<li>Puissance maximale des branches recommand\u00e9e : non pr\u00e9cis\u00e9<\/li>\n<li>Poids : 1050 grammes<\/li>\n<li>Disponible en taille 25 \u00ab\u00a0<\/li>\n<li>Disponible en version :\n<ul>\n<li>Droitier et Gaucher<\/li>\n<\/ul>\n<\/li>\n<li>Disponible en plusieurs coloris :\n<ul>\n<li>Choisissez votre couleur pour faire apparaitre le visuel correspondant.<\/li>\n<li>Couleur unie matte : Noir, Bleu, Rouge, Blanc.<\/li>\n<\/ul>\n<\/li>\n<\/ul>\n","protected":false},"excerpt":{"rendered":"<p>Poigne CORE ASTRAL : Poign\u00e9e CORE ASTRAL Fixation type ILF classique. R\u00e9glage lat\u00e9ral des branches Puissance maximale des branches recommand\u00e9e : non pr\u00e9cis\u00e9 Poids : 1050 grammes Disponible en taille 25 \u00ab\u00a0 Disponible en version : Droitier et Gaucher Disponible en plusieurs coloris : Choisissez votre couleur pour faire apparaitre le visuel correspondant. Couleur unie [&hellip;]<\/p>\n","protected":false},"featured_media":7035,"template":"","meta":[],"product_cat":[518,534],"product_tag":[],"_links":{"self":[{"href":"https:\/\/archeriegossart.fr\/index.php\/wp-json\/wp\/v3\/product\/7032"}],"collection":[{"href":"https:\/\/archeriegossart.fr\/index.php\/wp-json\/wp\/v3\/product"}],"about":[{"href":"https:\/\/archeriegossart.fr\/index.php\/wp-json\/wp\/v2\/types\/product"}],"wp:featuredmedia":[{"embeddable":true,"href":"https:\/\/archeriegossart.fr\/index.php\/wp-json\/wp\/v2\/media\/7035"}],"wp:attachment":[{"href":"https:\/\/archeriegossart.fr\/index.php\/wp-json\/wp\/v2\/media?parent=7032"}],"wp:term":[{"taxonomy":"product_cat","embeddable":true,"href":"https:\/\/archeriegossart.fr\/index.php\/wp-json\/wp\/v2\/product_cat?post=7032"},{"taxonomy":"product_tag","embeddable":true,"href":"https:\/\/archeriegossart.fr\/index.php\/wp-json\/wp\/v2\/product_tag?post=7032"}],"curies":[{"name":"wp","href":"https:\/\/api.w.org\/{rel}","templated":true}]}}