{"id":7053,"date":"2022-03-30T14:51:04","date_gmt":"2022-03-30T12:51:04","guid":{"rendered":"https:\/\/archeriegossart.fr\/?post_type=product&#038;p=7053"},"modified":"2022-04-01T10:06:28","modified_gmt":"2022-04-01T08:06:28","slug":"fusil-a-pompe-umarex-t4e-hdx-68-40-j-cal-68-100-1x-88g-co2","status":"publish","type":"product","link":"https:\/\/archeriegossart.fr\/index.php\/produit\/fusil-a-pompe-umarex-t4e-hdx-68-40-j-cal-68-100-1x-88g-co2\/","title":{"rendered":"FUSIL A POMPE UMAREX T4E HDX 68 &#8211; 40 J \/ CAL : 68 + 100 1x 88g CO2             VENDU UNIQUEMENT EN MAGASIN CATEGORIE C"},"content":{"rendered":"<h3 id=\"accroche\">FUSIL A POMPE UMAREX T4E HDX 68 &#8211; 40 J \/ CAL : 68 + 100 BILLES + 1x 88g CO2<br \/>\nHOME DEFENSE XTREME (HDX) EN CALIBRE 68<br \/>\nSYST\u00c8ME \u00c0 POMPE<br \/>\nFREIN DE BOUCHE AU LOOK MASSIF<br \/>\nPR\u00caT POUR FIXATION DE BRETELLES DE PORTAGE<br \/>\nCOMPATIBLE AVEC LA LARGE GAMME DE BLLES RONDES UMAREX T4E<\/h3>\n<h1><strong><span style=\"color: #ff0000;\">VENDU UNIQUEMENT EN MAGASIN CATEGORIE C<\/span><\/strong><\/h1>\n","protected":false},"excerpt":{"rendered":"<p>FUSIL A POMPE UMAREX T4E HDX 68 &#8211; 40 J \/ CAL : 68 + 100 BILLES + 1x 88g CO2 HOME DEFENSE XTREME (HDX) EN CALIBRE 68 SYST\u00c8ME \u00c0 POMPE FREIN DE BOUCHE AU LOOK MASSIF PR\u00caT POUR FIXATION DE BRETELLES DE PORTAGE COMPATIBLE AVEC LA LARGE GAMME DE BLLES RONDES UMAREX T4E VENDU [&hellip;]<\/p>\n","protected":false},"featured_media":7050,"template":"","meta":[],"product_cat":[46,47],"product_tag":[],"_links":{"self":[{"href":"https:\/\/archeriegossart.fr\/index.php\/wp-json\/wp\/v3\/product\/7053"}],"collection":[{"href":"https:\/\/archeriegossart.fr\/index.php\/wp-json\/wp\/v3\/product"}],"about":[{"href":"https:\/\/archeriegossart.fr\/index.php\/wp-json\/wp\/v2\/types\/product"}],"wp:featuredmedia":[{"embeddable":true,"href":"https:\/\/archeriegossart.fr\/index.php\/wp-json\/wp\/v2\/media\/7050"}],"wp:attachment":[{"href":"https:\/\/archeriegossart.fr\/index.php\/wp-json\/wp\/v2\/media?parent=7053"}],"wp:term":[{"taxonomy":"product_cat","embeddable":true,"href":"https:\/\/archeriegossart.fr\/index.php\/wp-json\/wp\/v2\/product_cat?post=7053"},{"taxonomy":"product_tag","embeddable":true,"href":"https:\/\/archeriegossart.fr\/index.php\/wp-json\/wp\/v2\/product_tag?post=7053"}],"curies":[{"name":"wp","href":"https:\/\/api.w.org\/{rel}","templated":true}]}}