{"id":7071,"date":"2022-04-21T09:37:23","date_gmt":"2022-04-21T07:37:23","guid":{"rendered":"https:\/\/archeriegossart.fr\/?post_type=product&#038;p=7071"},"modified":"2024-12-07T17:13:39","modified_gmt":"2024-12-07T16:13:39","slug":"pince-pour-empenneuse-bearpaw-standard-ou-helicoidale-gr-ou-helicoidale-dr","status":"publish","type":"product","link":"https:\/\/archeriegossart.fr\/index.php\/produit\/pince-pour-empenneuse-bearpaw-standard-ou-helicoidale-gr-ou-helicoidale-dr\/","title":{"rendered":"PINCE POUR EMPENNEUSE BEARPAW : STANDARD OU H\u00e9lico\u00efdale GR OU H\u00e9lico\u00efdale DR"},"content":{"rendered":"","protected":false},"excerpt":{"rendered":"","protected":false},"featured_media":7073,"template":"","meta":[],"product_cat":[116],"product_tag":[],"_links":{"self":[{"href":"https:\/\/archeriegossart.fr\/index.php\/wp-json\/wp\/v3\/product\/7071"}],"collection":[{"href":"https:\/\/archeriegossart.fr\/index.php\/wp-json\/wp\/v3\/product"}],"about":[{"href":"https:\/\/archeriegossart.fr\/index.php\/wp-json\/wp\/v2\/types\/product"}],"wp:featuredmedia":[{"embeddable":true,"href":"https:\/\/archeriegossart.fr\/index.php\/wp-json\/wp\/v2\/media\/7073"}],"wp:attachment":[{"href":"https:\/\/archeriegossart.fr\/index.php\/wp-json\/wp\/v2\/media?parent=7071"}],"wp:term":[{"taxonomy":"product_cat","embeddable":true,"href":"https:\/\/archeriegossart.fr\/index.php\/wp-json\/wp\/v2\/product_cat?post=7071"},{"taxonomy":"product_tag","embeddable":true,"href":"https:\/\/archeriegossart.fr\/index.php\/wp-json\/wp\/v2\/product_tag?post=7071"}],"curies":[{"name":"wp","href":"https:\/\/api.w.org\/{rel}","templated":true}]}}