{"id":7241,"date":"2024-12-14T18:38:31","date_gmt":"2024-12-14T17:38:31","guid":{"rendered":"https:\/\/archeriegossart.fr\/?post_type=product&#038;p=7241"},"modified":"2024-12-14T18:43:07","modified_gmt":"2024-12-14T17:43:07","slug":"longue-vue-tasco-20-60-x-80-vert-olive","status":"publish","type":"product","link":"https:\/\/archeriegossart.fr\/index.php\/produit\/longue-vue-tasco-20-60-x-80-vert-olive\/","title":{"rendered":"LONGUE VUE TASCO 20 &#8211; 60 X 80 &#8211; VERT OLIVE"},"content":{"rendered":"<p>LONGUE VUE TASCO 20 &#8211; 60 X 80 &#8211; VERT OLIVE<\/p>\n<p>Les nouvelles longues vues Tasco arborent undesign plus agressif que les anciens mod\u00e8les de la gamme World Class<br \/>\nElles poss\u00e8dent des optiques trait\u00e9es multicouches, gage de luminosit\u00e9.<br \/>\nCette lunette terrestre est livr\u00e9e avec un tr\u00e9pied de table, un cache oculaire, un cache objectif et housse de transport cordura.<br \/>\nOptiques trait\u00e9s multicouches<br \/>\nOculaire coud\u00e9 \u00e0 45\u00b0<br \/>\nBonnette Twist-Up<br \/>\nPare-soleil int\u00e9gr\u00e9<br \/>\nMolette de mise au point avec Grip<br \/>\nTr\u00e9pied de table<br \/>\nCaches oculaires<br \/>\nHousse de rangement<\/p>\n","protected":false},"excerpt":{"rendered":"<p>LONGUE VUE TASCO 20 &#8211; 60 X 80 &#8211; VERT OLIVE Les nouvelles longues vues Tasco arborent undesign plus agressif que les anciens mod\u00e8les de la gamme World Class Elles poss\u00e8dent des optiques trait\u00e9es multicouches, gage de luminosit\u00e9. Cette lunette terrestre est livr\u00e9e avec un tr\u00e9pied de table, un cache oculaire, un cache objectif et [&hellip;]<\/p>\n","protected":false},"featured_media":7243,"template":"","meta":[],"product_cat":[68],"product_tag":[],"_links":{"self":[{"href":"https:\/\/archeriegossart.fr\/index.php\/wp-json\/wp\/v3\/product\/7241"}],"collection":[{"href":"https:\/\/archeriegossart.fr\/index.php\/wp-json\/wp\/v3\/product"}],"about":[{"href":"https:\/\/archeriegossart.fr\/index.php\/wp-json\/wp\/v2\/types\/product"}],"wp:featuredmedia":[{"embeddable":true,"href":"https:\/\/archeriegossart.fr\/index.php\/wp-json\/wp\/v2\/media\/7243"}],"wp:attachment":[{"href":"https:\/\/archeriegossart.fr\/index.php\/wp-json\/wp\/v2\/media?parent=7241"}],"wp:term":[{"taxonomy":"product_cat","embeddable":true,"href":"https:\/\/archeriegossart.fr\/index.php\/wp-json\/wp\/v2\/product_cat?post=7241"},{"taxonomy":"product_tag","embeddable":true,"href":"https:\/\/archeriegossart.fr\/index.php\/wp-json\/wp\/v2\/product_tag?post=7241"}],"curies":[{"name":"wp","href":"https:\/\/api.w.org\/{rel}","templated":true}]}}