{"id":7247,"date":"2024-12-18T09:58:27","date_gmt":"2024-12-18T08:58:27","guid":{"rendered":"https:\/\/archeriegossart.fr\/?post_type=product&#038;p=7247"},"modified":"2024-12-18T10:03:08","modified_gmt":"2024-12-18T09:03:08","slug":"pistolet-co2-umarex-colt-gouvernment-1911-a1-cal-4-5","status":"publish","type":"product","link":"https:\/\/archeriegossart.fr\/index.php\/produit\/pistolet-co2-umarex-colt-gouvernment-1911-a1-cal-4-5\/","title":{"rendered":"PISTOLET CO2 UMAREX  COLT GOUVERNMENT 1911 A1 CAL : 4.5"},"content":{"rendered":"<div class=\"col-md-7 fiche_attributs\">\n<h4><strong><span style=\"color: #0000ff;\">R\u00e9glementation en vigueur :<\/span><\/strong><br \/>\n<strong><span style=\"color: #0000ff;\">Les pistolets et revolver air comprim\u00e9 et co2 sont consid\u00e9r\u00e9s l\u00e9galement comme des armes de cat\u00e9gorie D. <\/span><\/strong><br \/>\n<strong><span style=\"color: #0000ff;\">ils sont donc en vente libre, mais il vous faudra \u00eatre majeur pour en faire l\u2019acquisition.<\/span><\/strong><br \/>\n<strong><span style=\"color: #0000ff;\">Sachez \u00e9galement qu\u2019il est absolument interdit d\u2019exposer un pistolet dans l\u2019espace public<\/span><\/strong><br \/>\n<strong><span style=\"color: #0000ff;\">Pour l\u2019achat une pi\u00e8ce d\u2019identit\u00e9 doit nous \u00eatre envoy\u00e9 en format PDF, avec nos remerciements.<\/span><\/strong><\/h4>\n<\/div>\n<div class=\"row\">\n<div class=\"col-md-12\">\n<div class=\"BlocFichCaracteristique\">\n<div class=\"BlocFichLigneCaract\">FULL METAL<br \/>\nSIMPLE\/DOUBLE ACTION<\/div>\n<\/div>\n<\/div>\n<\/div>\n","protected":false},"excerpt":{"rendered":"<p>R\u00e9glementation en vigueur : Les pistolets et revolver air comprim\u00e9 et co2 sont consid\u00e9r\u00e9s l\u00e9galement comme des armes de cat\u00e9gorie D. ils sont donc en vente libre, mais il vous faudra \u00eatre majeur pour en faire l\u2019acquisition. Sachez \u00e9galement qu\u2019il est absolument interdit d\u2019exposer un pistolet dans l\u2019espace public Pour l\u2019achat une pi\u00e8ce d\u2019identit\u00e9 doit [&hellip;]<\/p>\n","protected":false},"featured_media":7249,"template":"","meta":[],"product_cat":[46],"product_tag":[],"_links":{"self":[{"href":"https:\/\/archeriegossart.fr\/index.php\/wp-json\/wp\/v3\/product\/7247"}],"collection":[{"href":"https:\/\/archeriegossart.fr\/index.php\/wp-json\/wp\/v3\/product"}],"about":[{"href":"https:\/\/archeriegossart.fr\/index.php\/wp-json\/wp\/v2\/types\/product"}],"wp:featuredmedia":[{"embeddable":true,"href":"https:\/\/archeriegossart.fr\/index.php\/wp-json\/wp\/v2\/media\/7249"}],"wp:attachment":[{"href":"https:\/\/archeriegossart.fr\/index.php\/wp-json\/wp\/v2\/media?parent=7247"}],"wp:term":[{"taxonomy":"product_cat","embeddable":true,"href":"https:\/\/archeriegossart.fr\/index.php\/wp-json\/wp\/v2\/product_cat?post=7247"},{"taxonomy":"product_tag","embeddable":true,"href":"https:\/\/archeriegossart.fr\/index.php\/wp-json\/wp\/v2\/product_tag?post=7247"}],"curies":[{"name":"wp","href":"https:\/\/api.w.org\/{rel}","templated":true}]}}