{"id":7257,"date":"2024-12-18T10:28:13","date_gmt":"2024-12-18T09:28:13","guid":{"rendered":"https:\/\/archeriegossart.fr\/?post_type=product&#038;p=7257"},"modified":"2024-12-18T10:40:07","modified_gmt":"2024-12-18T09:40:07","slug":"pistolet-co2-umarex-glock-17-culasse-mobile-cal-4-5-bb","status":"publish","type":"product","link":"https:\/\/archeriegossart.fr\/index.php\/produit\/pistolet-co2-umarex-glock-17-culasse-mobile-cal-4-5-bb\/","title":{"rendered":"PISTOLET CO2 UMAREX  GLOCK 17 CULASSE MOBILE  CAL : 4.5 BB"},"content":{"rendered":"<div class=\"col-md-7 fiche_attributs\">\n<p><strong><span style=\"color: #0000ff;\">R\u00e9glementation en vigueur :<\/span><\/strong><br \/>\n<strong><span style=\"color: #0000ff;\">Les pistolets et revolver air comprim\u00e9 et co2 sont consid\u00e9r\u00e9s l\u00e9galement comme des armes de cat\u00e9gorie Dh. <\/span><\/strong><br \/>\n<strong><span style=\"color: #0000ff;\">ils sont donc en vente libre, mais il vous faudra \u00eatre majeur pour en faire l\u2019acquisition.<\/span><\/strong><br \/>\n<strong><span style=\"color: #0000ff;\">Sachez \u00e9galement qu\u2019il est absolument interdit d\u2019exposer un pistolet dans l\u2019espace public<\/span><\/strong><br \/>\n<strong><span style=\"color: #0000ff;\">Pour l\u2019achat une pi\u00e8ce d\u2019identit\u00e9 doit nous \u00eatre envoy\u00e9 en format PDF, avec nos remerciements.<\/span><\/strong><\/p>\n<\/div>\n<div class=\"row\">\n<div class=\"col-md-12\">\n<div class=\"BlocFichCaracteristique\">\n<div class=\"BlocFichLigneCaract\"><\/div>\n<\/div>\n<\/div>\n<\/div>\n<div class=\"row\"><\/div>\n","protected":false},"excerpt":{"rendered":"<p>R\u00e9glementation en vigueur : Les pistolets et revolver air comprim\u00e9 et co2 sont consid\u00e9r\u00e9s l\u00e9galement comme des armes de cat\u00e9gorie Dh. ils sont donc en vente libre, mais il vous faudra \u00eatre majeur pour en faire l\u2019acquisition. Sachez \u00e9galement qu\u2019il est absolument interdit d\u2019exposer un pistolet dans l\u2019espace public Pour l\u2019achat une pi\u00e8ce d\u2019identit\u00e9 doit [&hellip;]<\/p>\n","protected":false},"featured_media":7259,"template":"","meta":[],"product_cat":[46],"product_tag":[],"_links":{"self":[{"href":"https:\/\/archeriegossart.fr\/index.php\/wp-json\/wp\/v3\/product\/7257"}],"collection":[{"href":"https:\/\/archeriegossart.fr\/index.php\/wp-json\/wp\/v3\/product"}],"about":[{"href":"https:\/\/archeriegossart.fr\/index.php\/wp-json\/wp\/v2\/types\/product"}],"wp:featuredmedia":[{"embeddable":true,"href":"https:\/\/archeriegossart.fr\/index.php\/wp-json\/wp\/v2\/media\/7259"}],"wp:attachment":[{"href":"https:\/\/archeriegossart.fr\/index.php\/wp-json\/wp\/v2\/media?parent=7257"}],"wp:term":[{"taxonomy":"product_cat","embeddable":true,"href":"https:\/\/archeriegossart.fr\/index.php\/wp-json\/wp\/v2\/product_cat?post=7257"},{"taxonomy":"product_tag","embeddable":true,"href":"https:\/\/archeriegossart.fr\/index.php\/wp-json\/wp\/v2\/product_tag?post=7257"}],"curies":[{"name":"wp","href":"https:\/\/api.w.org\/{rel}","templated":true}]}}