{"id":7266,"date":"2024-12-18T10:55:01","date_gmt":"2024-12-18T09:55:01","guid":{"rendered":"https:\/\/archeriegossart.fr\/?post_type=product&#038;p=7266"},"modified":"2025-07-15T13:58:21","modified_gmt":"2025-07-15T11:58:21","slug":"carabine-air-comprime-gamo-4-5-black-bear-19-9-j-en-pack-lunette-4-x-32","status":"publish","type":"product","link":"https:\/\/archeriegossart.fr\/index.php\/produit\/carabine-air-comprime-gamo-4-5-black-bear-19-9-j-en-pack-lunette-4-x-32\/","title":{"rendered":"CARABINE AIR COMPRIME GAMO 4.5 BLACK BEAR ( 19.9 J ) EN PACK \/ LUNETTE 4 X 32"},"content":{"rendered":"<p><span style=\"color: #0000ff;\"><strong>R\u00e9glementation en vigueur :<\/strong><\/span><br \/>\n<span style=\"color: #0000ff;\"><strong>Les Carabines air comprim\u00e9 de puissance de 19.9 joules maximum sont consid\u00e9r\u00e9es l\u00e9galement comme des armes de cat\u00e9gorie D. <\/strong><\/span><br \/>\n<span style=\"color: #0000ff;\"><strong>elles sont donc en vente libre, mais il vous faudra \u00eatre majeur pour en faire l\u2019acquisition.<\/strong><\/span><br \/>\n<span style=\"color: #0000ff;\"><strong>Pour l\u2019achat une pi\u00e8ce d\u2019identit\u00e9 doit nous \u00eatre envoy\u00e9 en format PDF, avec nos remerciements.<\/strong><\/span><\/p>\n<div id=\"texte_gamme\">\n<p>Carabines Sports<\/p>\n<\/div>\n<div id=\"description\">\n<p>Carabine GAMO Black Bear\u00a0dispose d&rsquo;une crosse synth\u00e9tique noire avec une couche de caoutchouc alv\u00e9ol\u00e9 SWA permettant une meilleur absorption du recul lors du tir.<\/p>\n<ul>\n<li>Son canon acier ray\u00e9\u00a0 synth\u00e9tique<\/li>\n<li>hausse et guidon en fibre optique lumineuse<\/li>\n<li>Frein de bouche int\u00e9gr\u00e9<\/li>\n<li>Lunette GAMO 4&#215;32 wr<\/li>\n<\/ul>\n<\/div>\n","protected":false},"excerpt":{"rendered":"<p>R\u00e9glementation en vigueur : Les Carabines air comprim\u00e9 de puissance de 19.9 joules maximum sont consid\u00e9r\u00e9es l\u00e9galement comme des armes de cat\u00e9gorie D. elles sont donc en vente libre, mais il vous faudra \u00eatre majeur pour en faire l\u2019acquisition. Pour l\u2019achat une pi\u00e8ce d\u2019identit\u00e9 doit nous \u00eatre envoy\u00e9 en format PDF, avec nos remerciements. Carabines [&hellip;]<\/p>\n","protected":false},"featured_media":7268,"template":"","meta":[],"product_cat":[44],"product_tag":[],"_links":{"self":[{"href":"https:\/\/archeriegossart.fr\/index.php\/wp-json\/wp\/v3\/product\/7266"}],"collection":[{"href":"https:\/\/archeriegossart.fr\/index.php\/wp-json\/wp\/v3\/product"}],"about":[{"href":"https:\/\/archeriegossart.fr\/index.php\/wp-json\/wp\/v2\/types\/product"}],"wp:featuredmedia":[{"embeddable":true,"href":"https:\/\/archeriegossart.fr\/index.php\/wp-json\/wp\/v2\/media\/7268"}],"wp:attachment":[{"href":"https:\/\/archeriegossart.fr\/index.php\/wp-json\/wp\/v2\/media?parent=7266"}],"wp:term":[{"taxonomy":"product_cat","embeddable":true,"href":"https:\/\/archeriegossart.fr\/index.php\/wp-json\/wp\/v2\/product_cat?post=7266"},{"taxonomy":"product_tag","embeddable":true,"href":"https:\/\/archeriegossart.fr\/index.php\/wp-json\/wp\/v2\/product_tag?post=7266"}],"curies":[{"name":"wp","href":"https:\/\/api.w.org\/{rel}","templated":true}]}}