{"id":7537,"date":"2025-02-06T16:38:39","date_gmt":"2025-02-06T15:38:39","guid":{"rendered":"https:\/\/archeriegossart.fr\/?post_type=product&#038;p=7537"},"modified":"2025-02-06T17:01:36","modified_gmt":"2025-02-06T16:01:36","slug":"poignees-kinetic-invinso-v2-25-dual-color","status":"publish","type":"product","link":"https:\/\/archeriegossart.fr\/index.php\/produit\/poignees-kinetic-invinso-v2-25-dual-color\/","title":{"rendered":"POIGNEES KINETIC INVINSO V2 25&Prime; DUAL COLOR"},"content":{"rendered":"<p>Kinetic a d\u00e9velopp\u00e9 cette colonne montante avec une seule chose en t\u00eate : avoir une colonne montante de haut niveau \u00e0 un prix abordable. Longueur : 25&Prime; Poids : 1280g CNC &#8211; aluminium 6061-T651 usin\u00e9 pour plus de rigidit\u00e9. Rapport g\u00e9om\u00e9trie\/poids optimis\u00e9 pour un minimum de vibrations et une stabilit\u00e9 et un \u00e9quilibre am\u00e9lior\u00e9s.<\/p>\n","protected":false},"excerpt":{"rendered":"<p>Kinetic a d\u00e9velopp\u00e9 cette colonne montante avec une seule chose en t\u00eate : avoir une colonne montante de haut niveau \u00e0 un prix abordable. Longueur : 25&Prime; Poids : 1280g CNC &#8211; aluminium 6061-T651 usin\u00e9 pour plus de rigidit\u00e9. Rapport g\u00e9om\u00e9trie\/poids optimis\u00e9 pour un minimum de vibrations et une stabilit\u00e9 et un \u00e9quilibre am\u00e9lior\u00e9s.<\/p>\n","protected":false},"featured_media":7540,"template":"","meta":[],"product_cat":[518,534],"product_tag":[],"_links":{"self":[{"href":"https:\/\/archeriegossart.fr\/index.php\/wp-json\/wp\/v3\/product\/7537"}],"collection":[{"href":"https:\/\/archeriegossart.fr\/index.php\/wp-json\/wp\/v3\/product"}],"about":[{"href":"https:\/\/archeriegossart.fr\/index.php\/wp-json\/wp\/v2\/types\/product"}],"wp:featuredmedia":[{"embeddable":true,"href":"https:\/\/archeriegossart.fr\/index.php\/wp-json\/wp\/v2\/media\/7540"}],"wp:attachment":[{"href":"https:\/\/archeriegossart.fr\/index.php\/wp-json\/wp\/v2\/media?parent=7537"}],"wp:term":[{"taxonomy":"product_cat","embeddable":true,"href":"https:\/\/archeriegossart.fr\/index.php\/wp-json\/wp\/v2\/product_cat?post=7537"},{"taxonomy":"product_tag","embeddable":true,"href":"https:\/\/archeriegossart.fr\/index.php\/wp-json\/wp\/v2\/product_tag?post=7537"}],"curies":[{"name":"wp","href":"https:\/\/api.w.org\/{rel}","templated":true}]}}