{"id":7621,"date":"2025-05-11T22:34:07","date_gmt":"2025-05-11T20:34:07","guid":{"rendered":"https:\/\/archeriegossart.fr\/?post_type=product&#038;p=7621"},"modified":"2025-06-18T14:41:12","modified_gmt":"2025-06-18T12:41:12","slug":"cible-sur-mousse-animaliere-blason-2d-ital-espanso-sanglier","status":"publish","type":"product","link":"https:\/\/archeriegossart.fr\/index.php\/produit\/cible-sur-mousse-animaliere-blason-2d-ital-espanso-sanglier\/","title":{"rendered":"CIBLE SUR MOUSSE ANIMALIERE Blason 2D Ital Espanso Sanglier"},"content":{"rendered":"<section class=\"product-tabcontent\">\n<div class=\"tabs\">\n<div id=\"tab-content\" class=\"tab-content\">\n<div id=\"description\" class=\"tab-pane fade active in\" role=\"tabpanel\" aria-expanded=\"true\">\n<div class=\"product-description\">\n<p>Les\u00a0<strong>blasons 2D Ital Espanso<\/strong>\u00a0sont imprim\u00e9s sur une maille de tissu polyester et coll\u00e9s sur une mousse en n\u00e9opr\u00e8ne\u00a0<strong>tr\u00e8s r\u00e9sistante aux impacts et aux intemp\u00e9ries<\/strong>. (Pluie, UV, gel, etc\u2026)<\/p>\n<p>Ces blasons supportent un tr\u00e8s grand nombre d\u2019impacts et sont parfaits pour le\u00a0<strong>tir de loisir et les parcours nature<\/strong>.<\/p>\n<p>&nbsp;<\/p>\n<p>Caract\u00e9ristiques\u00a0:<\/p>\n<p>-Mat\u00e9riaux : Mousse en n\u00e9opr\u00e8ne et maille polyester<\/p>\n<p>-Dimensions : 79 x 41cm<\/p>\n<\/div>\n<\/div>\n<\/div>\n<\/div>\n<\/section>\n<section class=\"productscategory-products clearfix\">\n<div class=\"customNavigation\"><a class=\"btn prev productscategory_prev\">\u00a0<\/a><\/div>\n<\/section>\n","protected":false},"excerpt":{"rendered":"<p>Les\u00a0blasons 2D Ital Espanso\u00a0sont imprim\u00e9s sur une maille de tissu polyester et coll\u00e9s sur une mousse en n\u00e9opr\u00e8ne\u00a0tr\u00e8s r\u00e9sistante aux impacts et aux intemp\u00e9ries. (Pluie, UV, gel, etc\u2026) Ces blasons supportent un tr\u00e8s grand nombre d\u2019impacts et sont parfaits pour le\u00a0tir de loisir et les parcours nature. &nbsp; Caract\u00e9ristiques\u00a0: -Mat\u00e9riaux : Mousse en n\u00e9opr\u00e8ne et [&hellip;]<\/p>\n","protected":false},"featured_media":7604,"template":"","meta":[],"product_cat":[89],"product_tag":[],"_links":{"self":[{"href":"https:\/\/archeriegossart.fr\/index.php\/wp-json\/wp\/v3\/product\/7621"}],"collection":[{"href":"https:\/\/archeriegossart.fr\/index.php\/wp-json\/wp\/v3\/product"}],"about":[{"href":"https:\/\/archeriegossart.fr\/index.php\/wp-json\/wp\/v2\/types\/product"}],"wp:featuredmedia":[{"embeddable":true,"href":"https:\/\/archeriegossart.fr\/index.php\/wp-json\/wp\/v2\/media\/7604"}],"wp:attachment":[{"href":"https:\/\/archeriegossart.fr\/index.php\/wp-json\/wp\/v2\/media?parent=7621"}],"wp:term":[{"taxonomy":"product_cat","embeddable":true,"href":"https:\/\/archeriegossart.fr\/index.php\/wp-json\/wp\/v2\/product_cat?post=7621"},{"taxonomy":"product_tag","embeddable":true,"href":"https:\/\/archeriegossart.fr\/index.php\/wp-json\/wp\/v2\/product_tag?post=7621"}],"curies":[{"name":"wp","href":"https:\/\/api.w.org\/{rel}","templated":true}]}}