{"id":7691,"date":"2025-07-15T13:53:02","date_gmt":"2025-07-15T11:53:02","guid":{"rendered":"https:\/\/archeriegossart.fr\/?post_type=product&#038;p=7691"},"modified":"2025-07-15T13:55:43","modified_gmt":"2025-07-15T11:55:43","slug":"carabine-air-comprime-gamo-4-5-viper-fusion-igt-19-9-joules-4x32-wr","status":"publish","type":"product","link":"https:\/\/archeriegossart.fr\/index.php\/produit\/carabine-air-comprime-gamo-4-5-viper-fusion-igt-19-9-joules-4x32-wr\/","title":{"rendered":"CARABINE AIR COMPRIME GAMO 4.5 Viper Fusion IGT 19.9 Joules + 4X32 wr"},"content":{"rendered":"<h2 id=\"accroche\">Carabine \u00e0 air comprim\u00e9 Gamo, crosse ergonomique avec inserts gris antid\u00e9rapants.<\/h2>\n<div id=\"description\">\n<p>Cette carabine \u00e0 plombs dot\u00e9e d&rsquo;un silencieux Fusion est \u00e9quip\u00e9e d&rsquo;une crosse design et ergonomique. Les inserts gris sont souples et antid\u00e9rapants. D&rsquo;une puissance de 19,9 joules, elle est adapt\u00e9e au tir de loisir et de pr\u00e9cision.<br \/>\nCarabine \u00e9quip\u00e9e d&rsquo;une hausse et guidon \u00e0 fibre optique. Livr\u00e9e avec une lunette 4&#215;32 wr.<\/p>\n<\/div>\n","protected":false},"excerpt":{"rendered":"<p>Carabine \u00e0 air comprim\u00e9 Gamo, crosse ergonomique avec inserts gris antid\u00e9rapants. Cette carabine \u00e0 plombs dot\u00e9e d&rsquo;un silencieux Fusion est \u00e9quip\u00e9e d&rsquo;une crosse design et ergonomique. Les inserts gris sont souples et antid\u00e9rapants. D&rsquo;une puissance de 19,9 joules, elle est adapt\u00e9e au tir de loisir et de pr\u00e9cision. Carabine \u00e9quip\u00e9e d&rsquo;une hausse et guidon \u00e0 [&hellip;]<\/p>\n","protected":false},"featured_media":7693,"template":"","meta":[],"product_cat":[44],"product_tag":[],"_links":{"self":[{"href":"https:\/\/archeriegossart.fr\/index.php\/wp-json\/wp\/v3\/product\/7691"}],"collection":[{"href":"https:\/\/archeriegossart.fr\/index.php\/wp-json\/wp\/v3\/product"}],"about":[{"href":"https:\/\/archeriegossart.fr\/index.php\/wp-json\/wp\/v2\/types\/product"}],"wp:featuredmedia":[{"embeddable":true,"href":"https:\/\/archeriegossart.fr\/index.php\/wp-json\/wp\/v2\/media\/7693"}],"wp:attachment":[{"href":"https:\/\/archeriegossart.fr\/index.php\/wp-json\/wp\/v2\/media?parent=7691"}],"wp:term":[{"taxonomy":"product_cat","embeddable":true,"href":"https:\/\/archeriegossart.fr\/index.php\/wp-json\/wp\/v2\/product_cat?post=7691"},{"taxonomy":"product_tag","embeddable":true,"href":"https:\/\/archeriegossart.fr\/index.php\/wp-json\/wp\/v2\/product_tag?post=7691"}],"curies":[{"name":"wp","href":"https:\/\/api.w.org\/{rel}","templated":true}]}}