{"id":7699,"date":"2025-07-15T14:21:40","date_gmt":"2025-07-15T12:21:40","guid":{"rendered":"https:\/\/archeriegossart.fr\/?post_type=product&#038;p=7699"},"modified":"2025-07-15T15:09:46","modified_gmt":"2025-07-15T13:09:46","slug":"porte-arc-compound-spider-kit-complet","status":"publish","type":"product","link":"https:\/\/archeriegossart.fr\/index.php\/produit\/porte-arc-compound-spider-kit-complet\/","title":{"rendered":"PORTE ARC COMPOUND SPIDER KIT COMPLET"},"content":{"rendered":"<h2>Kit complet Bow Spider Porte Arc<\/h2>\n<p>Syst\u00e8me de transport universel pour arc, adaptable \u00e0 tout type d&rsquo;arc et pouvant \u00eatre fix\u00e9 \u00e0 n&rsquo;importe quel sac, hanche, arbre, mur ou v\u00e9hicule pour un rangement et un acc\u00e8s facile. Ce kit est id\u00e9al pour tout chasseur \u00e0 l&rsquo;arc ou archer comp\u00e9titif. Il permet de ranger facilement votre arc pendant que vous marchez, poursuivez, \u00eates \u00e0 l&rsquo;aff\u00fbt ou conduisez. Porte arc con\u00e7u pour les arcs \u00e0 poulies. Le kit complet permet le transport d&rsquo;un arc \u00e0 poulies et est disponible en diff\u00e9rents coloris.<\/p>\n<h3>Donn\u00e9es techniques de Kit complet Bow Spider Porte Arc<\/h3>\n<ul>\n<li>Compatible avec tous les arcs \u00e0 poulies<\/li>\n<li>Inclus une Sangle Standard de Levage de Charge (30 cm de long)<\/li>\n<li>Inclus une Ceinture Taille\/Arbre<\/li>\n<li>Inclus un support en aluminium anodis\u00e9<\/li>\n<li>Disponible en diff\u00e9rents coloris<\/li>\n<\/ul>\n<h3>Contenu du package de Kit complet Bow Spider Porte Arc<\/h3>\n<ul>\n<li>1 r\u00e9cepteur<\/li>\n<li>2 sangles standard de levage de charge (12 pouces de long)<\/li>\n<li>1 ceinture pour la taille\/arbre<\/li>\n<li>4 vis d&rsquo;angle<\/li>\n<li>1 support en aluminium anodis\u00e9<\/li>\n<li>1 longue vis de montage<\/li>\n<li>4 longues vis d&rsquo;angle<\/li>\n<\/ul>\n","protected":false},"excerpt":{"rendered":"<p>Kit complet Bow Spider Porte Arc Syst\u00e8me de transport universel pour arc, adaptable \u00e0 tout type d&rsquo;arc et pouvant \u00eatre fix\u00e9 \u00e0 n&rsquo;importe quel sac, hanche, arbre, mur ou v\u00e9hicule pour un rangement et un acc\u00e8s facile. Ce kit est id\u00e9al pour tout chasseur \u00e0 l&rsquo;arc ou archer comp\u00e9titif. Il permet de ranger facilement votre [&hellip;]<\/p>\n","protected":false},"featured_media":7701,"template":"","meta":[],"product_cat":[486,39,20],"product_tag":[],"_links":{"self":[{"href":"https:\/\/archeriegossart.fr\/index.php\/wp-json\/wp\/v3\/product\/7699"}],"collection":[{"href":"https:\/\/archeriegossart.fr\/index.php\/wp-json\/wp\/v3\/product"}],"about":[{"href":"https:\/\/archeriegossart.fr\/index.php\/wp-json\/wp\/v2\/types\/product"}],"wp:featuredmedia":[{"embeddable":true,"href":"https:\/\/archeriegossart.fr\/index.php\/wp-json\/wp\/v2\/media\/7701"}],"wp:attachment":[{"href":"https:\/\/archeriegossart.fr\/index.php\/wp-json\/wp\/v2\/media?parent=7699"}],"wp:term":[{"taxonomy":"product_cat","embeddable":true,"href":"https:\/\/archeriegossart.fr\/index.php\/wp-json\/wp\/v2\/product_cat?post=7699"},{"taxonomy":"product_tag","embeddable":true,"href":"https:\/\/archeriegossart.fr\/index.php\/wp-json\/wp\/v2\/product_tag?post=7699"}],"curies":[{"name":"wp","href":"https:\/\/api.w.org\/{rel}","templated":true}]}}