{"id":7739,"date":"2025-12-04T10:39:42","date_gmt":"2025-12-04T09:39:42","guid":{"rendered":"https:\/\/archeriegossart.fr\/?post_type=product&#038;p=7739"},"modified":"2025-12-04T10:57:02","modified_gmt":"2025-12-04T09:57:02","slug":"arc-compound-pse-omen-e2-cam-rotating-mod-rh-70lbs-27-31-black","status":"publish","type":"product","link":"https:\/\/archeriegossart.fr\/index.php\/produit\/arc-compound-pse-omen-e2-cam-rotating-mod-rh-70lbs-27-31-black\/","title":{"rendered":"ARC COMPOUND PSE OMEN E2 CAM ROTATING MOD RH 70LBS 27&Prime;-31&Prime; BLACK"},"content":{"rendered":"<h2>Arc \u00e0 poulies PSE Omen : une nouvelle r\u00e9f\u00e9rence en mati\u00e8re de tir<\/h2>\n<p>L\u2019<b>arc \u00e0 poulies PSE Omen E2 <\/b>est une nouvelle r\u00e9f\u00e9rence en mati\u00e8re de transfert d&rsquo;\u00e9nergie et d&rsquo;efficacit\u00e9. Le PSE Omen propulse des fl\u00e8ches \u00e0 des vitesses \u00e9poustouflantes allant jusqu&rsquo;\u00e0 356 pieds par seconde (390,632 km\/h), tout en r\u00e9duisant la quantit\u00e9 d&rsquo;\u00e9nergie n\u00e9cessaire au tireur pendant le cycle d&rsquo;armement.\u00a0 Cet ARC maximise les vitesses potentielles \u00e0 chaque puissance et offre des performances incomparables \u00e0 pleine allonge. En effet, la pleine allonge, c&rsquo;est l\u00e0 que tout compte : c&rsquo;est la diff\u00e9rence entre le succ\u00e8s et l&rsquo;\u00e9chec. Voil\u00e0 pourquoi le PSE Omen 2023 a \u00e9t\u00e9 r\u00e9alis\u00e9 avec la technologie de stabilit\u00e9 Full Draw de PSE. Il propose une exp\u00e9rience de tir plus stable gr\u00e2ce \u00e0 son band d&rsquo;arc dynamique. Ce syst\u00e8me Full Draw Stability est con\u00e7u pour r\u00e9sister activement au couple induit, ce qui permet d&rsquo;am\u00e9liorer la pr\u00e9cision au moment le plus important.<\/p>\n<h3>Caract\u00e9ristiques de l\u2019arc \u00e0 poulies PSE Omen E2 :<\/h3>\n<ul>\n<li>Poids : 2041 g<\/li>\n<li>Axe \u00e0 axe : 33.0 pouces (83,82 cm)<\/li>\n<li>Vitesse : 356 fps (390,632 km\/h)<\/li>\n<li>Mat\u00e9riel : aluminium<\/li>\n<li>Type de came : E2<\/li>\n<li>Allonge : 27 pouces &#8211; 31 pouces (68,58 -78,74 cm)<\/li>\n<li>Let-off : 80 -90%<\/li>\n<\/ul>\n","protected":false},"excerpt":{"rendered":"<p>Arc \u00e0 poulies PSE Omen : une nouvelle r\u00e9f\u00e9rence en mati\u00e8re de tir L\u2019arc \u00e0 poulies PSE Omen E2 est une nouvelle r\u00e9f\u00e9rence en mati\u00e8re de transfert d&rsquo;\u00e9nergie et d&rsquo;efficacit\u00e9. Le PSE Omen propulse des fl\u00e8ches \u00e0 des vitesses \u00e9poustouflantes allant jusqu&rsquo;\u00e0 356 pieds par seconde (390,632 km\/h), tout en r\u00e9duisant la quantit\u00e9 d&rsquo;\u00e9nergie n\u00e9cessaire [&hellip;]<\/p>\n","protected":false},"featured_media":7743,"template":"","meta":[],"product_cat":[40],"product_tag":[],"_links":{"self":[{"href":"https:\/\/archeriegossart.fr\/index.php\/wp-json\/wp\/v3\/product\/7739"}],"collection":[{"href":"https:\/\/archeriegossart.fr\/index.php\/wp-json\/wp\/v3\/product"}],"about":[{"href":"https:\/\/archeriegossart.fr\/index.php\/wp-json\/wp\/v2\/types\/product"}],"wp:featuredmedia":[{"embeddable":true,"href":"https:\/\/archeriegossart.fr\/index.php\/wp-json\/wp\/v2\/media\/7743"}],"wp:attachment":[{"href":"https:\/\/archeriegossart.fr\/index.php\/wp-json\/wp\/v2\/media?parent=7739"}],"wp:term":[{"taxonomy":"product_cat","embeddable":true,"href":"https:\/\/archeriegossart.fr\/index.php\/wp-json\/wp\/v2\/product_cat?post=7739"},{"taxonomy":"product_tag","embeddable":true,"href":"https:\/\/archeriegossart.fr\/index.php\/wp-json\/wp\/v2\/product_tag?post=7739"}],"curies":[{"name":"wp","href":"https:\/\/api.w.org\/{rel}","templated":true}]}}