{"id":832,"date":"2017-03-08T18:18:04","date_gmt":"2017-03-08T17:18:04","guid":{"rendered":"http:\/\/archeriegossart.fr\/?post_type=product&#038;p=832"},"modified":"2019-03-30T10:30:17","modified_gmt":"2019-03-30T09:30:17","slug":"matraque-telescopique-acier-trempe-22","status":"publish","type":"product","link":"https:\/\/archeriegossart.fr\/index.php\/produit\/matraque-telescopique-acier-trempe-22\/","title":{"rendered":"Matraque t\u00e9lescopique acier tremp\u00e9 22&Prime;"},"content":{"rendered":"<table class=\"det_prod\" border=\"0\">\n<tbody>\n<tr>\n<th>D\u00e9signation<\/th>\n<th><\/th>\n<th title=\"Cat\u00e9gorie armes\">Cat\u00e9gorie armes<\/th>\n<th title=\"Coloris\">Coloris<\/th>\n<th><\/th>\n<\/tr>\n<tr>\n<td class=\"designation\">Matraque t\u00e9lescopique 22<\/td>\n<td title=\"\"><\/td>\n<td title=\"Vente libre\">Vente libre<\/td>\n<td title=\"Noir\">Noir<\/td>\n<td><\/td>\n<\/tr>\n<\/tbody>\n<\/table>\n<p>matraque t\u00e9lescopique 22\u00a0\u00bb<\/p>\n<p>&#8211; en acier tremp\u00e9<\/p>\n<p>&#8211; poign\u00e9e ergonomique avec porte matraque plastique professionnel<\/p>\n","protected":false},"excerpt":{"rendered":"<p>D\u00e9signation Cat\u00e9gorie armes Coloris Matraque t\u00e9lescopique 22 Vente libre Noir matraque t\u00e9lescopique 22\u00a0\u00bb &#8211; en acier tremp\u00e9 &#8211; poign\u00e9e ergonomique avec porte matraque plastique professionnel<\/p>\n","protected":false},"featured_media":833,"template":"","meta":[],"product_cat":[53],"product_tag":[],"_links":{"self":[{"href":"https:\/\/archeriegossart.fr\/index.php\/wp-json\/wp\/v3\/product\/832"}],"collection":[{"href":"https:\/\/archeriegossart.fr\/index.php\/wp-json\/wp\/v3\/product"}],"about":[{"href":"https:\/\/archeriegossart.fr\/index.php\/wp-json\/wp\/v2\/types\/product"}],"wp:featuredmedia":[{"embeddable":true,"href":"https:\/\/archeriegossart.fr\/index.php\/wp-json\/wp\/v2\/media\/833"}],"wp:attachment":[{"href":"https:\/\/archeriegossart.fr\/index.php\/wp-json\/wp\/v2\/media?parent=832"}],"wp:term":[{"taxonomy":"product_cat","embeddable":true,"href":"https:\/\/archeriegossart.fr\/index.php\/wp-json\/wp\/v2\/product_cat?post=832"},{"taxonomy":"product_tag","embeddable":true,"href":"https:\/\/archeriegossart.fr\/index.php\/wp-json\/wp\/v2\/product_tag?post=832"}],"curies":[{"name":"wp","href":"https:\/\/api.w.org\/{rel}","templated":true}]}}