{"id":837,"date":"2017-03-08T18:32:52","date_gmt":"2017-03-08T17:32:52","guid":{"rendered":"http:\/\/archeriegossart.fr\/?post_type=product&#038;p=837"},"modified":"2017-12-15T15:33:46","modified_gmt":"2017-12-15T14:33:46","slug":"lampe-torche-fenix-tk15ue","status":"publish","type":"product","link":"https:\/\/archeriegossart.fr\/index.php\/produit\/lampe-torche-fenix-tk15ue\/","title":{"rendered":"LAMPE TORCHE FENIX PD32 \/ 900 lumens"},"content":{"rendered":"<p><strong>Caract\u00e9ristiques<\/strong><br \/>\n\u00b7 Utilise la LED blanche XP-L HI Cree avec une dur\u00e9e de vie de 50 000 heures<br \/>\n\u00b7 Aliment\u00e9 par une batterie Li-ion rechargeable 18650 ou deux batteries au lithium CR123A 3V<br \/>\n\u00b7 129,5 mm de longueur x 22,6 mm diam\u00e8tre du corps x diam\u00e8tre de la t\u00eate de 24 mm<br \/>\n\u00b7 77 grammes (sans la batterie)<br \/>\n\u00b7 La sortie \u00e0 commande num\u00e9rique maintient une luminosit\u00e9 constante<br \/>\n\u00b7 Le rappel de basse tension indique quand le remplacement de la batterie est n\u00e9cessaire<br \/>\n\u00b7 Protection contre les inversions de polarit\u00e9, pour prot\u00e9ger contre une mauvaise installation de la batterie<br \/>\n\u00b7 Protection contre la surchauffe\u00a0pour \u00e9viter une temp\u00e9rature \u00e9lev\u00e9e de la surface<br \/>\n\u00b7 Conception de carrosserie anti-roulis et antid\u00e9rapante, capable de tenir debout<br \/>\n\u00b7 Interrupteur de manche tactique, fonction momentan\u00e9e<br \/>\n\u00b7 Interrupteur lat\u00e9ral pour gradateur de lumi\u00e8re et changement de mode<br \/>\n\u00b7 Fabriqu\u00e9 en aluminium durable<br \/>\n\u00b7 Finition anti-abrasive anodis\u00e9e dure<br \/>\n\u00b7 Lentille en verre ultra-clair \u00e9tir\u00e9e avec rev\u00eatement antireflet<\/p>\n<p>Compatible avec l&rsquo;interrupteur d\u00e9port\u00e9 AER-01 et AER-02<\/p>\n<table>\n<tbody>\n<tr>\n<td colspan=\"7\"><b>ANSI\/NEMA FL1 &#8211; PD32<\/b><\/td>\n<\/tr>\n<tr>\n<th>MODE<\/th>\n<th>Puissance<\/th>\n<th>Autonomie<\/th>\n<th>Port\u00e9e<\/th>\n<th>Intensit\u00e9<\/th>\n<th>R\u00e9sistance<br \/>\naux chocs<\/th>\n<th>Etanch\u00e9it\u00e9<\/th>\n<\/tr>\n<tr>\n<td>Turbo<\/td>\n<td>900 Lumens<\/td>\n<td>1h 55min<\/td>\n<td rowspan=\"7\">240m (max)<\/td>\n<td rowspan=\"7\">14400cd (max)<\/td>\n<td rowspan=\"7\">1m<\/td>\n<td rowspan=\"7\">IPX-8<br \/>\nProfondeur<br \/>\n2m<\/td>\n<\/tr>\n<tr>\n<td>Fort<\/td>\n<td>400 Lumens<\/td>\n<td>4h<\/td>\n<\/tr>\n<tr>\n<td>Moyen<\/td>\n<td>150 Lumens<\/td>\n<td>10h 25min<\/td>\n<\/tr>\n<tr>\n<td>Faible<\/td>\n<td>50 Lumens<\/td>\n<td>37h 5min<\/td>\n<\/tr>\n<tr>\n<td>Eco<\/td>\n<td>5 Lumens<\/td>\n<td>260h<\/td>\n<\/tr>\n<tr>\n<td>Stroboscope<\/td>\n<td>900 Lumens<\/td>\n<td>\/<\/td>\n<\/tr>\n<tr>\n<td>SOS<\/td>\n<td>50 Lumens<\/td>\n<td>\/<\/td>\n<\/tr>\n<\/tbody>\n<\/table>\n","protected":false},"excerpt":{"rendered":"<p>Caract\u00e9ristiques \u00b7 Utilise la LED blanche XP-L HI Cree avec une dur\u00e9e de vie de 50 000 heures \u00b7 Aliment\u00e9 par une batterie Li-ion rechargeable 18650 ou deux batteries au lithium CR123A 3V \u00b7 129,5 mm de longueur x 22,6 mm diam\u00e8tre du corps x diam\u00e8tre de la t\u00eate de 24 mm \u00b7 77 grammes [&hellip;]<\/p>\n","protected":false},"featured_media":3775,"template":"","meta":[],"product_cat":[82],"product_tag":[],"_links":{"self":[{"href":"https:\/\/archeriegossart.fr\/index.php\/wp-json\/wp\/v3\/product\/837"}],"collection":[{"href":"https:\/\/archeriegossart.fr\/index.php\/wp-json\/wp\/v3\/product"}],"about":[{"href":"https:\/\/archeriegossart.fr\/index.php\/wp-json\/wp\/v2\/types\/product"}],"wp:featuredmedia":[{"embeddable":true,"href":"https:\/\/archeriegossart.fr\/index.php\/wp-json\/wp\/v2\/media\/3775"}],"wp:attachment":[{"href":"https:\/\/archeriegossart.fr\/index.php\/wp-json\/wp\/v2\/media?parent=837"}],"wp:term":[{"taxonomy":"product_cat","embeddable":true,"href":"https:\/\/archeriegossart.fr\/index.php\/wp-json\/wp\/v2\/product_cat?post=837"},{"taxonomy":"product_tag","embeddable":true,"href":"https:\/\/archeriegossart.fr\/index.php\/wp-json\/wp\/v2\/product_tag?post=837"}],"curies":[{"name":"wp","href":"https:\/\/api.w.org\/{rel}","templated":true}]}}