{"id":843,"date":"2017-03-09T11:05:24","date_gmt":"2017-03-09T10:05:24","guid":{"rendered":"http:\/\/archeriegossart.fr\/?post_type=product&#038;p=843"},"modified":"2017-11-23T18:54:37","modified_gmt":"2017-11-23T17:54:37","slug":"lampe-torche-fenix-pd25-550-lumens","status":"publish","type":"product","link":"https:\/\/archeriegossart.fr\/index.php\/produit\/lampe-torche-fenix-pd25-550-lumens\/","title":{"rendered":"LAMPE TORCHE FENIX PD25 ( 550  LUMENS )"},"content":{"rendered":"<p>Utilise une LED Cree XP-L V5 avec une dur\u00e9e de vie de 50,000 heures<br \/>\nAliment\u00e9e par une pile Li-ion rechargeable 16340 ou une pile Lithium 3V CR123A<br \/>\n93mm (Longueur) \u00d7 21.5mm (Diam\u00e8tre)<br \/>\nPoids: 47g (sans les piles)<br \/>\nR\u00e9gulation digitale pour un \u00e9clairage constant<\/p>\n","protected":false},"excerpt":{"rendered":"<p>Utilise une LED Cree XP-L V5 avec une dur\u00e9e de vie de 50,000 heures Aliment\u00e9e par une pile Li-ion rechargeable 16340 ou une pile Lithium 3V CR123A 93mm (Longueur) \u00d7 21.5mm (Diam\u00e8tre) Poids: 47g (sans les piles) R\u00e9gulation digitale pour un \u00e9clairage constant<\/p>\n","protected":false},"featured_media":845,"template":"","meta":[],"product_cat":[82],"product_tag":[],"_links":{"self":[{"href":"https:\/\/archeriegossart.fr\/index.php\/wp-json\/wp\/v3\/product\/843"}],"collection":[{"href":"https:\/\/archeriegossart.fr\/index.php\/wp-json\/wp\/v3\/product"}],"about":[{"href":"https:\/\/archeriegossart.fr\/index.php\/wp-json\/wp\/v2\/types\/product"}],"wp:featuredmedia":[{"embeddable":true,"href":"https:\/\/archeriegossart.fr\/index.php\/wp-json\/wp\/v2\/media\/845"}],"wp:attachment":[{"href":"https:\/\/archeriegossart.fr\/index.php\/wp-json\/wp\/v2\/media?parent=843"}],"wp:term":[{"taxonomy":"product_cat","embeddable":true,"href":"https:\/\/archeriegossart.fr\/index.php\/wp-json\/wp\/v2\/product_cat?post=843"},{"taxonomy":"product_tag","embeddable":true,"href":"https:\/\/archeriegossart.fr\/index.php\/wp-json\/wp\/v2\/product_tag?post=843"}],"curies":[{"name":"wp","href":"https:\/\/api.w.org\/{rel}","templated":true}]}}