{"id":846,"date":"2017-03-09T11:11:12","date_gmt":"2017-03-09T10:11:12","guid":{"rendered":"http:\/\/archeriegossart.fr\/?post_type=product&#038;p=846"},"modified":"2017-11-23T18:52:42","modified_gmt":"2017-11-23T17:52:42","slug":"lampe-torche-fenix-tk-35ue-2000-lumens","status":"publish","type":"product","link":"https:\/\/archeriegossart.fr\/index.php\/produit\/lampe-torche-fenix-tk-35ue-2000-lumens\/","title":{"rendered":"LAMPE TORCHE FENIX TK 35UE 2000 LUMENS"},"content":{"rendered":"<p>TK 35UE 2000 LUMENS<\/p>\n<p>LED Cree XHP 50<br \/>\nsept modes d\u2019\u00e9clairage :<br \/>\n\u2022 Turbo<br \/>\n\u2022 Fort<br \/>\n\u2022 Moyen<br \/>\n\u2022 Faible<\/p>\n<p>\u2022 ECO<br \/>\n\u2022 Stroboscope<br \/>\n\u2022 SOS<br \/>\nLongueur : 161 mm<br \/>\nDiam\u00e8tre de t\u00eate : 50 mm<br \/>\nPoids : 240 g (sans les batteries)<br \/>\nPort\u00e9e : 320 m<\/p>\n","protected":false},"excerpt":{"rendered":"<p>TK 35UE 2000 LUMENS LED Cree XHP 50 sept modes d\u2019\u00e9clairage : \u2022 Turbo \u2022 Fort \u2022 Moyen \u2022 Faible \u2022 ECO \u2022 Stroboscope \u2022 SOS Longueur : 161 mm Diam\u00e8tre de t\u00eate : 50 mm Poids : 240 g (sans les batteries) Port\u00e9e : 320 m<\/p>\n","protected":false},"featured_media":848,"template":"","meta":[],"product_cat":[82],"product_tag":[],"_links":{"self":[{"href":"https:\/\/archeriegossart.fr\/index.php\/wp-json\/wp\/v3\/product\/846"}],"collection":[{"href":"https:\/\/archeriegossart.fr\/index.php\/wp-json\/wp\/v3\/product"}],"about":[{"href":"https:\/\/archeriegossart.fr\/index.php\/wp-json\/wp\/v2\/types\/product"}],"wp:featuredmedia":[{"embeddable":true,"href":"https:\/\/archeriegossart.fr\/index.php\/wp-json\/wp\/v2\/media\/848"}],"wp:attachment":[{"href":"https:\/\/archeriegossart.fr\/index.php\/wp-json\/wp\/v2\/media?parent=846"}],"wp:term":[{"taxonomy":"product_cat","embeddable":true,"href":"https:\/\/archeriegossart.fr\/index.php\/wp-json\/wp\/v2\/product_cat?post=846"},{"taxonomy":"product_tag","embeddable":true,"href":"https:\/\/archeriegossart.fr\/index.php\/wp-json\/wp\/v2\/product_tag?post=846"}],"curies":[{"name":"wp","href":"https:\/\/api.w.org\/{rel}","templated":true}]}}