{"id":881,"date":"2017-03-13T12:57:33","date_gmt":"2017-03-13T11:57:33","guid":{"rendered":"http:\/\/archeriegossart.fr\/?post_type=product&#038;p=881"},"modified":"2024-12-18T09:50:27","modified_gmt":"2024-12-18T08:50:27","slug":"pistolet-beretta-px4-storm","status":"publish","type":"product","link":"https:\/\/archeriegossart.fr\/index.php\/produit\/pistolet-beretta-px4-storm\/","title":{"rendered":"REVOLVER CO2 GAMO 4.5 PR 725 2.50&Prime; (3J8)"},"content":{"rendered":"<div class=\"col-md-7 fiche_attributs\">\n<h4><span style=\"color: #0000ff;\">R\u00e9glementation en vigueur :<\/span><br \/>\n<span style=\"color: #0000ff;\">Les pistolets et revolver air comprim\u00e9 et co2 sont consid\u00e9r\u00e9s l\u00e9galement comme des armes de cat\u00e9gorie D2. <\/span><br \/>\n<span style=\"color: #0000ff;\">ils sont donc en vente libre, mais il vous faudra \u00eatre majeur pour en faire l\u2019acquisition.<\/span><br \/>\n<span style=\"color: #0000ff;\">Sachez \u00e9galement qu\u2019il est absolument interdit d\u2019exposer un pistolet dans l\u2019espace public<\/span><br \/>\n<span style=\"color: #0000ff;\">Pour l\u2019achat une pi\u00e8ce d\u2019identit\u00e9 doit nous \u00eatre envoy\u00e9 en format PDF, avec nos remerciements.<\/span><\/h4>\n<p>Caract\u00e9ristiques techniques :<\/p>\n<ul>\n<li>Calibre : 4,5 mm.<\/li>\n<li>Longueur totale : 30 cm.<\/li>\n<li>Longueur de canon : 2,5\u00a0\u00bb &#8211; 5,08 cm.<\/li>\n<li>Poids : 1021 g.<\/li>\n<li>Puissance : 3 joules.<\/li>\n<li>Vitesse : 110 m\/s.<\/li>\n<\/ul>\n<p>*\u00a0Hors mise en conformit\u00e9 ou intervention de votre revendeur. Cat\u00e9gorie D2, vente libre aux personnes majeures.<\/p>\n<\/div>\n<div class=\"row\"><\/div>\n","protected":false},"excerpt":{"rendered":"<p>R\u00e9glementation en vigueur : Les pistolets et revolver air comprim\u00e9 et co2 sont consid\u00e9r\u00e9s l\u00e9galement comme des armes de cat\u00e9gorie D2. ils sont donc en vente libre, mais il vous faudra \u00eatre majeur pour en faire l\u2019acquisition. Sachez \u00e9galement qu\u2019il est absolument interdit d\u2019exposer un pistolet dans l\u2019espace public Pour l\u2019achat une pi\u00e8ce d\u2019identit\u00e9 doit [&hellip;]<\/p>\n","protected":false},"featured_media":7246,"template":"","meta":[],"product_cat":[46],"product_tag":[],"_links":{"self":[{"href":"https:\/\/archeriegossart.fr\/index.php\/wp-json\/wp\/v3\/product\/881"}],"collection":[{"href":"https:\/\/archeriegossart.fr\/index.php\/wp-json\/wp\/v3\/product"}],"about":[{"href":"https:\/\/archeriegossart.fr\/index.php\/wp-json\/wp\/v2\/types\/product"}],"wp:featuredmedia":[{"embeddable":true,"href":"https:\/\/archeriegossart.fr\/index.php\/wp-json\/wp\/v2\/media\/7246"}],"wp:attachment":[{"href":"https:\/\/archeriegossart.fr\/index.php\/wp-json\/wp\/v2\/media?parent=881"}],"wp:term":[{"taxonomy":"product_cat","embeddable":true,"href":"https:\/\/archeriegossart.fr\/index.php\/wp-json\/wp\/v2\/product_cat?post=881"},{"taxonomy":"product_tag","embeddable":true,"href":"https:\/\/archeriegossart.fr\/index.php\/wp-json\/wp\/v2\/product_tag?post=881"}],"curies":[{"name":"wp","href":"https:\/\/api.w.org\/{rel}","templated":true}]}}