{"id":893,"date":"2017-03-13T13:32:38","date_gmt":"2017-03-13T12:32:38","guid":{"rendered":"http:\/\/archeriegossart.fr\/?post_type=product&#038;p=893"},"modified":"2025-01-28T15:40:16","modified_gmt":"2025-01-28T14:40:16","slug":"pistolet-a-air-comprime-weihrauch-hw-40-pca","status":"publish","type":"product","link":"https:\/\/archeriegossart.fr\/index.php\/produit\/pistolet-a-air-comprime-weihrauch-hw-40-pca\/","title":{"rendered":"Pistolet \u00e0 air comprim\u00e9 Weihrauch HW 40 PCA"},"content":{"rendered":"<div class=\"title\">\n<p><span style=\"color: #0000ff;\"><strong>R\u00e9glementation en vigueur :<br \/>\nLes pistolets et revolver air comprim\u00e9 et co2 sont consid\u00e9r\u00e9s l\u00e9galement comme des armes de cat\u00e9gorie Dh.<br \/>\nils sont donc en vente libre, mais il vous faudra \u00eatre majeur pour en faire l\u2019acquisition.<br \/>\nSachez \u00e9galement qu\u2019il est absolument interdit d\u2019exposer un pistolet dans l\u2019espace public<br \/>\nPour l\u2019achat une pi\u00e8ce d\u2019identit\u00e9 doit nous \u00eatre envoy\u00e9 en format PDF, avec nos remerciements.<\/strong><\/span><\/p>\n<hr \/>\n<h2>Pistolet \u00e0 air comprim\u00e9 Weihrauch HW 40 PCA<\/h2>\n<\/div>\n<div class=\"box-collateral box-additional\">\n<div class=\"description\">\n<div class=\"std\">Con\u00e7u pour la comp\u00e9tition, tr\u00e8s pr\u00e9cis, le <strong>pistolet \u00e0 air Weihrauch HW 40 PCA<\/strong> se comporte \u00e0 la perfection \u00e0 25 m\u00e8tres. 50 ann\u00e9es d&rsquo;exp\u00e9rience dans les armes de pr\u00e9cision ont abouti au formidable syst\u00e8me \u00e0 air pr\u00e9comprim\u00e9 qui permet au <strong>Weihrauch HW 40 PCA<\/strong> de tirer sans \u00e0-coup et avec une pr\u00e9cision incroyable. Double action, monocoup, ce <strong>pistolet Weihrauch HW 40 PCA<\/strong> d\u00e9veloppe une puissance de 5 joules pour une vitesse de 122 m\/s. Il tire comme un 22 LR mais avec des plombs diabolo de 4,5 mm (.177), ce qui se r\u00e9v\u00e8le bien plus \u00e9conomique ! R\u00e9alis\u00e9 en polym\u00e8re de haute densit\u00e9, le <strong>Weihrauch HW 40 PCA<\/strong> affiche le look noir et trapu d&rsquo;une arme de poing de gros calibre, long de 24 cm pour un poids d&rsquo;environ 805 gramme Confortable, autant pour le gaucher que pour le droitier, sa d\u00e9tente est r\u00e9glable et sa s\u00fbret\u00e9 automatique. Sa vis\u00e9e Truglo en fibre optique se r\u00e9v\u00e8le tr\u00e8s lumineuse, sans source d&rsquo;\u00e9nergie aucune. La hausse se r\u00e8gle ele aussi, en hauteur comme en d\u00e9rive. Le <strong>pistolet Weihrauch HW 40 PCA<\/strong> est en outre muni d&rsquo;un rail de 11 mm sur lequel fixer une optique.<\/div>\n<\/div>\n<div id=\"attributes_container\" class=\"attributes-list\">\n<table id=\"product-attribute-specs-table\" class=\"data-table\">\n<tbody>\n<tr class=\"first odd\">\n<th class=\"label\">Calibre<\/th>\n<td class=\"last\">Diabolos calibre 4.5 mm (.177)<\/td>\n<\/tr>\n<tr class=\"even\">\n<th class=\"label\">Capacit\u00e9 chargeur<\/th>\n<td class=\"last\">&#8211;<\/td>\n<\/tr>\n<tr class=\"odd\">\n<th class=\"label\">Vitesse initiale<\/th>\n<td class=\"last\">122 m\/s<\/td>\n<\/tr>\n<tr class=\"even\">\n<th class=\"label\">Puissance<\/th>\n<td class=\"last\">&lt; 5 joules<\/td>\n<\/tr>\n<tr class=\"odd\">\n<th class=\"label\">Longueur totale<\/th>\n<td class=\"last\">24 cm<\/td>\n<\/tr>\n<tr class=\"even\">\n<th class=\"label\">Equipement<\/th>\n<td class=\"last\">Vis\u00e9e TRUGLO fibre optique<\/td>\n<\/tr>\n<tr class=\"last odd\">\n<th class=\"label\">Poids<\/th>\n<td class=\"last\">780 g<\/td>\n<\/tr>\n<\/tbody>\n<\/table>\n<\/div>\n<\/div>\n","protected":false},"excerpt":{"rendered":"<p>R\u00e9glementation en vigueur : Les pistolets et revolver air comprim\u00e9 et co2 sont consid\u00e9r\u00e9s l\u00e9galement comme des armes de cat\u00e9gorie Dh. ils sont donc en vente libre, mais il vous faudra \u00eatre majeur pour en faire l\u2019acquisition. Sachez \u00e9galement qu\u2019il est absolument interdit d\u2019exposer un pistolet dans l\u2019espace public Pour l\u2019achat une pi\u00e8ce d\u2019identit\u00e9 doit [&hellip;]<\/p>\n","protected":false},"featured_media":894,"template":"","meta":[],"product_cat":[45],"product_tag":[],"_links":{"self":[{"href":"https:\/\/archeriegossart.fr\/index.php\/wp-json\/wp\/v3\/product\/893"}],"collection":[{"href":"https:\/\/archeriegossart.fr\/index.php\/wp-json\/wp\/v3\/product"}],"about":[{"href":"https:\/\/archeriegossart.fr\/index.php\/wp-json\/wp\/v2\/types\/product"}],"wp:featuredmedia":[{"embeddable":true,"href":"https:\/\/archeriegossart.fr\/index.php\/wp-json\/wp\/v2\/media\/894"}],"wp:attachment":[{"href":"https:\/\/archeriegossart.fr\/index.php\/wp-json\/wp\/v2\/media?parent=893"}],"wp:term":[{"taxonomy":"product_cat","embeddable":true,"href":"https:\/\/archeriegossart.fr\/index.php\/wp-json\/wp\/v2\/product_cat?post=893"},{"taxonomy":"product_tag","embeddable":true,"href":"https:\/\/archeriegossart.fr\/index.php\/wp-json\/wp\/v2\/product_tag?post=893"}],"curies":[{"name":"wp","href":"https:\/\/api.w.org\/{rel}","templated":true}]}}