{"id":90,"date":"2017-02-20T22:21:19","date_gmt":"2017-02-20T21:21:19","guid":{"rendered":"http:\/\/archeriegossart.fr\/?post_type=product&#038;p=90"},"modified":"2025-07-15T17:31:51","modified_gmt":"2025-07-15T15:31:51","slug":"arc-recurvetalisman-old-tradition-luxe","status":"publish","type":"product","link":"https:\/\/archeriegossart.fr\/index.php\/produit\/arc-recurvetalisman-old-tradition-luxe\/","title":{"rendered":"Arc recurveTalisman Old Tradition Luxe"},"content":{"rendered":"<p>Le Talisman est un recurve monobloc de 60\u00a0\u00bb id\u00e9al pour la chasse et le tir 3D.<br \/>\nFinition luxe avec branches \u00ab\u00a0fa\u00e7on\u00a0\u00bb loupe d&rsquo;orme et poign\u00e9e en amazakou\u00e9 et zebrawood.<br \/>\nSouple et rapide gr\u00e2ce \u00e0 son design triple courbure et une structure en fibres Gordon USA, le Talisman est pr\u00e9vu pour l&rsquo;utilisation de cordages en FastFlite.<br \/>\n<span style=\"font-family: Calibri;\">Livr\u00e9 avec corde traditionnelle Flamande en fast flight.<\/span><br \/>\nExiste en droitier ou gaucher de 35# \u00e0 55#.<\/p>\n","protected":false},"excerpt":{"rendered":"<p>Le Talisman est un recurve monobloc de 60\u00a0\u00bb id\u00e9al pour la chasse et le tir 3D. Finition luxe avec branches \u00ab\u00a0fa\u00e7on\u00a0\u00bb loupe d&rsquo;orme et poign\u00e9e en amazakou\u00e9 et zebrawood. Souple et rapide gr\u00e2ce \u00e0 son design triple courbure et une structure en fibres Gordon USA, le Talisman est pr\u00e9vu pour l&rsquo;utilisation de cordages en FastFlite. [&hellip;]<\/p>\n","protected":false},"featured_media":91,"template":"","meta":[],"product_cat":[34],"product_tag":[],"_links":{"self":[{"href":"https:\/\/archeriegossart.fr\/index.php\/wp-json\/wp\/v3\/product\/90"}],"collection":[{"href":"https:\/\/archeriegossart.fr\/index.php\/wp-json\/wp\/v3\/product"}],"about":[{"href":"https:\/\/archeriegossart.fr\/index.php\/wp-json\/wp\/v2\/types\/product"}],"wp:featuredmedia":[{"embeddable":true,"href":"https:\/\/archeriegossart.fr\/index.php\/wp-json\/wp\/v2\/media\/91"}],"wp:attachment":[{"href":"https:\/\/archeriegossart.fr\/index.php\/wp-json\/wp\/v2\/media?parent=90"}],"wp:term":[{"taxonomy":"product_cat","embeddable":true,"href":"https:\/\/archeriegossart.fr\/index.php\/wp-json\/wp\/v2\/product_cat?post=90"},{"taxonomy":"product_tag","embeddable":true,"href":"https:\/\/archeriegossart.fr\/index.php\/wp-json\/wp\/v2\/product_tag?post=90"}],"curies":[{"name":"wp","href":"https:\/\/api.w.org\/{rel}","templated":true}]}}