{"id":912,"date":"2017-03-14T13:59:51","date_gmt":"2017-03-14T12:59:51","guid":{"rendered":"http:\/\/archeriegossart.fr\/?post_type=product&#038;p=912"},"modified":"2021-11-19T19:31:47","modified_gmt":"2021-11-19T18:31:47","slug":"protege-cuir-bras-old-tradition-renforce","status":"publish","type":"product","link":"https:\/\/archeriegossart.fr\/index.php\/produit\/protege-cuir-bras-old-tradition-renforce\/","title":{"rendered":"Prot\u00e8ge cuir bras Old Tradition renforc\u00e9"},"content":{"rendered":"<p>Prot\u00e8ge cuir bras Old Tradition renforc\u00e9.<br \/>\nCuir deux tons et fixation par \u00e9lastique de la\u00e7age.<\/p>\n","protected":false},"excerpt":{"rendered":"<p>Prot\u00e8ge cuir bras Old Tradition renforc\u00e9. Cuir deux tons et fixation par \u00e9lastique de la\u00e7age.<\/p>\n","protected":false},"featured_media":913,"template":"","meta":[],"product_cat":[85],"product_tag":[],"_links":{"self":[{"href":"https:\/\/archeriegossart.fr\/index.php\/wp-json\/wp\/v3\/product\/912"}],"collection":[{"href":"https:\/\/archeriegossart.fr\/index.php\/wp-json\/wp\/v3\/product"}],"about":[{"href":"https:\/\/archeriegossart.fr\/index.php\/wp-json\/wp\/v2\/types\/product"}],"wp:featuredmedia":[{"embeddable":true,"href":"https:\/\/archeriegossart.fr\/index.php\/wp-json\/wp\/v2\/media\/913"}],"wp:attachment":[{"href":"https:\/\/archeriegossart.fr\/index.php\/wp-json\/wp\/v2\/media?parent=912"}],"wp:term":[{"taxonomy":"product_cat","embeddable":true,"href":"https:\/\/archeriegossart.fr\/index.php\/wp-json\/wp\/v2\/product_cat?post=912"},{"taxonomy":"product_tag","embeddable":true,"href":"https:\/\/archeriegossart.fr\/index.php\/wp-json\/wp\/v2\/product_tag?post=912"}],"curies":[{"name":"wp","href":"https:\/\/api.w.org\/{rel}","templated":true}]}}